{"id":502,"date":"2024-09-18T17:54:20","date_gmt":"2024-09-18T15:54:20","guid":{"rendered":"https:\/\/intentio.fr\/?page_id=502"},"modified":"2024-09-18T17:55:30","modified_gmt":"2024-09-18T15:55:30","slug":"approche","status":"publish","type":"page","link":"https:\/\/intentio.fr\/index.php\/approche\/","title":{"rendered":"Approche"},"content":{"rendered":"\t\t<div data-elementor-type=\"wp-page\" data-elementor-id=\"502\" class=\"elementor elementor-502\" data-elementor-post-type=\"page\">\n\t\t\t\t<div class=\"elementor-element elementor-element-5e85b6c2 e-flex e-con-boxed e-con e-parent\" data-id=\"5e85b6c2\" data-element_type=\"container\" data-e-type=\"container\" data-settings=\"{&quot;background_background&quot;:&quot;classic&quot;}\">\n\t\t\t\t\t<div class=\"e-con-inner\">\n\t\t\t\t<div class=\"elementor-element elementor-element-581a942c elementor-widget elementor-widget-heading\" data-id=\"581a942c\" data-element_type=\"widget\" data-e-type=\"widget\" data-widget_type=\"heading.default\">\n\t\t\t\t<div class=\"elementor-widget-container\">\n\t\t\t\t\t<h1 class=\"elementor-heading-title elementor-size-default\">Une approche unique mixant strat\u00e9gie, design thinking et IA au service de votre impact<\/h1>\t\t\t\t<\/div>\n\t\t\t\t<\/div>\n\t\t\t\t\t<\/div>\n\t\t\t\t<\/div>\n\t\t<div class=\"elementor-element elementor-element-351110f8 e-flex e-con-boxed e-con e-parent\" data-id=\"351110f8\" data-element_type=\"container\" data-e-type=\"container\" data-settings=\"{&quot;background_background&quot;:&quot;classic&quot;}\">\n\t\t\t\t\t<div class=\"e-con-inner\">\n\t\t<div class=\"elementor-element elementor-element-66c91b72 e-con-full e-flex e-con e-child\" data-id=\"66c91b72\" data-element_type=\"container\" data-e-type=\"container\">\n\t\t\t\t<div class=\"elementor-element elementor-element-4848bad3 elementor-widget elementor-widget-heading\" data-id=\"4848bad3\" data-element_type=\"widget\" data-e-type=\"widget\" data-widget_type=\"heading.default\">\n\t\t\t\t<div class=\"elementor-widget-container\">\n\t\t\t\t\t<h2 class=\"elementor-heading-title elementor-size-default\">Une approche diff\u00e9rente de la strat\u00e9gie et de l'innovation<\/h2>\t\t\t\t<\/div>\n\t\t\t\t<\/div>\n\t\t\t\t<\/div>\n\t\t<div class=\"elementor-element elementor-element-1ca7bddb e-con-full e-flex e-con e-child\" data-id=\"1ca7bddb\" data-element_type=\"container\" data-e-type=\"container\" data-settings=\"{&quot;background_background&quot;:&quot;classic&quot;}\">\n\t\t\t\t<div class=\"elementor-element elementor-element-72b213ef elementor-widget elementor-widget-image-box\" data-id=\"72b213ef\" data-element_type=\"widget\" data-e-type=\"widget\" data-widget_type=\"image-box.default\">\n\t\t\t\t<div class=\"elementor-widget-container\">\n\t\t\t\t\t<div class=\"elementor-image-box-wrapper\"><div class=\"elementor-image-box-content\"><p class=\"elementor-image-box-description\">Notre approche en mati\u00e8re de strat\u00e9gie et d'innovation est le moteur de votre transformation. \nPuisant ses racines dans le Design Thinking et le Lean Startup notre m\u00e9thodologie fonctionne par sprints, garantissant une progression rapide et flexible \u00e0 chaque \u00e9tape. Centr\u00e9e sur l'utilisateur et soutenue par l'IA, notre d\u00e9marche syst\u00e9matique explore les opportunit\u00e9s, d\u00e9finit votre strat\u00e9gie et construit des mod\u00e8les d'affaires performants.\nEn collaboration \u00e9troite avec votre \u00e9quipe, nous cr\u00e9ons de la valeur non seulement pour vos clients actuels et futurs, mais aussi pour la soci\u00e9t\u00e9 dans son ensemble. Notre pragmatisme et notre focus sur les r\u00e9sultats concrets vous propulsent au-del\u00e0 de vos limites actuelles.\n<\/p><\/div><\/div>\t\t\t\t<\/div>\n\t\t\t\t<\/div>\n\t\t\t\t<\/div>\n\t\t\t\t\t<\/div>\n\t\t\t\t<\/div>\n\t\t<div class=\"elementor-element elementor-element-2e0980c1 e-flex e-con-boxed e-con e-parent\" data-id=\"2e0980c1\" data-element_type=\"container\" data-e-type=\"container\" data-settings=\"{&quot;background_background&quot;:&quot;classic&quot;}\">\n\t\t\t\t\t<div class=\"e-con-inner\">\n\t\t<div class=\"elementor-element elementor-element-5eba826 e-con-full e-flex e-con e-child\" data-id=\"5eba826\" data-element_type=\"container\" data-e-type=\"container\">\n\t\t\t\t<div class=\"elementor-element elementor-element-73516f9a elementor-widget elementor-widget-heading\" data-id=\"73516f9a\" data-element_type=\"widget\" data-e-type=\"widget\" data-widget_type=\"heading.default\">\n\t\t\t\t<div class=\"elementor-widget-container\">\n\t\t\t\t\t<h2 class=\"elementor-heading-title elementor-size-default\">3 \u00e9tapes\/postures clefs<\/h2>\t\t\t\t<\/div>\n\t\t\t\t<\/div>\n\t\t\t\t<\/div>\n\t\t<div class=\"elementor-element elementor-element-30dabdd9 e-con-full e-flex e-con e-child\" data-id=\"30dabdd9\" data-element_type=\"container\" data-e-type=\"container\">\n\t\t\t\t<div class=\"elementor-element elementor-element-4bb09124 elementor-widget-tablet__width-initial elementor-widget-mobile__width-inherit elementor-widget__width-inherit elementor-position-top elementor-widget elementor-widget-image-box\" data-id=\"4bb09124\" data-element_type=\"widget\" data-e-type=\"widget\" data-widget_type=\"image-box.default\">\n\t\t\t\t<div class=\"elementor-widget-container\">\n\t\t\t\t\t<div class=\"elementor-image-box-wrapper\"><figure class=\"elementor-image-box-img\"><img fetchpriority=\"high\" decoding=\"async\" width=\"816\" height=\"817\" src=\"https:\/\/intentio.fr\/wp-content\/uploads\/2024\/09\/IMG_0314.webp\" class=\"attachment-full size-full wp-image-504\" alt=\"\" srcset=\"https:\/\/intentio.fr\/wp-content\/uploads\/2024\/09\/IMG_0314.webp 816w, https:\/\/intentio.fr\/wp-content\/uploads\/2024\/09\/IMG_0314-300x300.webp 300w, https:\/\/intentio.fr\/wp-content\/uploads\/2024\/09\/IMG_0314-150x150.webp 150w, https:\/\/intentio.fr\/wp-content\/uploads\/2024\/09\/IMG_0314-768x769.webp 768w\" sizes=\"(max-width: 816px) 100vw, 816px\" \/><\/figure><div class=\"elementor-image-box-content\"><h3 class=\"elementor-image-box-title\">\u00c9tudes utilisateurs.<\/h3><p class=\"elementor-image-box-description\">Chaque sprint d\u00e9bute par une phase d'immersion utilisateur. Nous analysons les donn\u00e9es recueillies afin de mieux comprendre les besoins et attentes. Des outils d'IA peuvent \u00eatre utilis\u00e9s pour enrichir cette analyse, en fournissant des perspectives suppl\u00e9mentaires, notamment sur les tendances et comportements \u00e9mergents.\n<\/p><\/div><\/div>\t\t\t\t<\/div>\n\t\t\t\t<\/div>\n\t\t\t\t<div class=\"elementor-element elementor-element-74b534be elementor-widget-tablet__width-initial elementor-widget-mobile__width-inherit elementor-widget__width-inherit elementor-position-top elementor-widget elementor-widget-image-box\" data-id=\"74b534be\" data-element_type=\"widget\" data-e-type=\"widget\" data-widget_type=\"image-box.default\">\n\t\t\t\t<div class=\"elementor-widget-container\">\n\t\t\t\t\t<div class=\"elementor-image-box-wrapper\"><figure class=\"elementor-image-box-img\"><img decoding=\"async\" width=\"700\" height=\"700\" src=\"https:\/\/intentio.fr\/wp-content\/uploads\/2024\/09\/6d98a4893eb40b73b1654185d50051c4672e9612-1-e1726490617685.webp\" class=\"attachment-full size-full wp-image-163\" alt=\"\" \/><\/figure><div class=\"elementor-image-box-content\"><h3 class=\"elementor-image-box-title\">Ateliers collaboratifs.<\/h3><p class=\"elementor-image-box-description\">Nos ateliers de co-cr\u00e9ation mobilisent vos \u00e9quipes pour g\u00e9n\u00e9rer des id\u00e9es et prototyper des solutions. Nous utilisons des plateformes comme Miro pour faciliter l'organisation et l'analyse des donn\u00e9es issues de ces sessions collaboratives, am\u00e9liorant ainsi la fluidit\u00e9 et la r\u00e9activit\u00e9 des \u00e9changes.\n<\/p><\/div><\/div>\t\t\t\t<\/div>\n\t\t\t\t<\/div>\n\t\t\t\t<div class=\"elementor-element elementor-element-7cd067fe elementor-widget-tablet__width-initial elementor-widget-mobile__width-inherit elementor-widget__width-inherit elementor-position-top elementor-widget elementor-widget-image-box\" data-id=\"7cd067fe\" data-element_type=\"widget\" data-e-type=\"widget\" data-widget_type=\"image-box.default\">\n\t\t\t\t<div class=\"elementor-widget-container\">\n\t\t\t\t\t<div class=\"elementor-image-box-wrapper\"><figure class=\"elementor-image-box-img\"><img decoding=\"async\" width=\"547\" height=\"547\" src=\"https:\/\/intentio.fr\/wp-content\/uploads\/2024\/09\/prototype-e1726674773172.webp\" class=\"attachment-full size-full wp-image-505\" alt=\"\" srcset=\"https:\/\/intentio.fr\/wp-content\/uploads\/2024\/09\/prototype-e1726674773172.webp 547w, https:\/\/intentio.fr\/wp-content\/uploads\/2024\/09\/prototype-e1726674773172-300x300.webp 300w, https:\/\/intentio.fr\/wp-content\/uploads\/2024\/09\/prototype-e1726674773172-150x150.webp 150w\" sizes=\"(max-width: 547px) 100vw, 547px\" \/><\/figure><div class=\"elementor-image-box-content\"><h3 class=\"elementor-image-box-title\">Prototypage rapide.<\/h3><p class=\"elementor-image-box-description\">En fin de sprint, nous d\u00e9veloppons des prototypes concrets. L'IA et le no-code interviennent de mani\u00e8re ponctuelle, non seulement en optimisant et acc\u00e9l\u00e9rant le prototypage, mais aussi en le rendant accessible \u00e0 tous afin de simuler rapidement des sc\u00e9narios d'usage, permettant ainsi d'it\u00e9rer plus rapidement et de gagner en agilit\u00e9.\n<\/p><\/div><\/div>\t\t\t\t<\/div>\n\t\t\t\t<\/div>\n\t\t\t\t<\/div>\n\t\t\t\t\t<\/div>\n\t\t\t\t<\/div>\n\t\t<div class=\"elementor-element elementor-element-7c6990c9 e-flex e-con-boxed e-con e-parent\" data-id=\"7c6990c9\" data-element_type=\"container\" data-e-type=\"container\" data-settings=\"{&quot;background_background&quot;:&quot;classic&quot;}\">\n\t\t\t\t\t<div class=\"e-con-inner\">\n\t\t\t\t<div class=\"elementor-element elementor-element-3f3d6c7f elementor-widget elementor-widget-icon-box\" data-id=\"3f3d6c7f\" data-element_type=\"widget\" data-e-type=\"widget\" data-widget_type=\"icon-box.default\">\n\t\t\t\t<div class=\"elementor-widget-container\">\n\t\t\t\t\t\t\t<div class=\"elementor-icon-box-wrapper\">\n\n\t\t\t\n\t\t\t\t\t\t<div class=\"elementor-icon-box-content\">\n\n\t\t\t\t\t\t\t\t\t<h3 class=\"elementor-icon-box-title\">\n\t\t\t\t\t\t<span  >\n\t\t\t\t\t\t\tQuand Design thinking et IA se conjuguent au service de votre impact.\t\t\t\t\t\t<\/span>\n\t\t\t\t\t<\/h3>\n\t\t\t\t\n\t\t\t\t\n\t\t\t<\/div>\n\t\t\t\n\t\t<\/div>\n\t\t\t\t\t\t<\/div>\n\t\t\t\t<\/div>\n\t\t\t\t\t<\/div>\n\t\t\t\t<\/div>\n\t\t<div class=\"elementor-element elementor-element-73c4bbf4 e-flex e-con-boxed e-con e-parent\" data-id=\"73c4bbf4\" data-element_type=\"container\" data-e-type=\"container\" data-settings=\"{&quot;background_background&quot;:&quot;classic&quot;}\">\n\t\t\t\t\t<div class=\"e-con-inner\">\n\t\t<div class=\"elementor-element elementor-element-406e825f e-con-full e-flex e-con e-child\" data-id=\"406e825f\" data-element_type=\"container\" data-e-type=\"container\">\n\t\t\t\t<div class=\"elementor-element elementor-element-14f7f3a6 elementor-widget elementor-widget-heading\" data-id=\"14f7f3a6\" data-element_type=\"widget\" data-e-type=\"widget\" data-widget_type=\"heading.default\">\n\t\t\t\t<div class=\"elementor-widget-container\">\n\t\t\t\t\t<h2 class=\"elementor-heading-title elementor-size-default\">Pourquoi le design thinking ?<\/h2>\t\t\t\t<\/div>\n\t\t\t\t<\/div>\n\t\t\t\t<div class=\"elementor-element elementor-element-2cbd7ff3 elementor-widget__width-inherit elementor-invisible elementor-widget elementor-widget-heading\" data-id=\"2cbd7ff3\" data-element_type=\"widget\" data-e-type=\"widget\" data-settings=\"{&quot;_animation&quot;:&quot;fadeIn&quot;,&quot;_animation_delay&quot;:200}\" data-widget_type=\"heading.default\">\n\t\t\t\t<div class=\"elementor-widget-container\">\n\t\t\t\t\t<h5 class=\"elementor-heading-title elementor-size-default\">Le design thinking est nativement au c\u0153ur de notre approche depuis 2012. D\u00e9couvrez pourquoi.\n<\/h5>\t\t\t\t<\/div>\n\t\t\t\t<\/div>\n\t\t\t\t<\/div>\n\t\t<div class=\"elementor-element elementor-element-4f0402b4 e-con-full e-flex e-con e-child\" data-id=\"4f0402b4\" data-element_type=\"container\" data-e-type=\"container\" data-settings=\"{&quot;background_background&quot;:&quot;classic&quot;}\">\n\t\t\t\t<div class=\"elementor-element elementor-element-c5f4efa elementor-widget elementor-widget-image-box\" data-id=\"c5f4efa\" data-element_type=\"widget\" data-e-type=\"widget\" data-widget_type=\"image-box.default\">\n\t\t\t\t<div class=\"elementor-widget-container\">\n\t\t\t\t\t<div class=\"elementor-image-box-wrapper\"><div class=\"elementor-image-box-content\"><h4 class=\"elementor-image-box-title\"># Pour r\u00e9ellement comprendre les utilisateurs<\/h4><\/div><\/div>\t\t\t\t<\/div>\n\t\t\t\t<\/div>\n\t\t\t\t<div class=\"elementor-element elementor-element-7a731091 elementor-widget elementor-widget-image-box\" data-id=\"7a731091\" data-element_type=\"widget\" data-e-type=\"widget\" data-widget_type=\"image-box.default\">\n\t\t\t\t<div class=\"elementor-widget-container\">\n\t\t\t\t\t<div class=\"elementor-image-box-wrapper\"><div class=\"elementor-image-box-content\"><h4 class=\"elementor-image-box-title\"># Pour minimiser les risques en testant rapidement<\/h4><\/div><\/div>\t\t\t\t<\/div>\n\t\t\t\t<\/div>\n\t\t\t\t<div class=\"elementor-element elementor-element-18af7b61 elementor-widget elementor-widget-image-box\" data-id=\"18af7b61\" data-element_type=\"widget\" data-e-type=\"widget\" data-widget_type=\"image-box.default\">\n\t\t\t\t<div class=\"elementor-widget-container\">\n\t\t\t\t\t<div class=\"elementor-image-box-wrapper\"><div class=\"elementor-image-box-content\"><h4 class=\"elementor-image-box-title\"># Pour r\u00e9llement engager les parties-prenantes<\/h4><\/div><\/div>\t\t\t\t<\/div>\n\t\t\t\t<\/div>\n\t\t\t\t<div class=\"elementor-element elementor-element-723ea516 elementor-widget elementor-widget-image-box\" data-id=\"723ea516\" data-element_type=\"widget\" data-e-type=\"widget\" data-widget_type=\"image-box.default\">\n\t\t\t\t<div class=\"elementor-widget-container\">\n\t\t\t\t\t<div class=\"elementor-image-box-wrapper\"><div class=\"elementor-image-box-content\"><h4 class=\"elementor-image-box-title\"># Pour faciliter les bonnes conversations strat\u00e9giques et le processus d\u00e9cisionnel<\/h4><\/div><\/div>\t\t\t\t<\/div>\n\t\t\t\t<\/div>\n\t\t\t\t<div class=\"elementor-element elementor-element-3129a4e3 elementor-widget elementor-widget-image-box\" data-id=\"3129a4e3\" data-element_type=\"widget\" data-e-type=\"widget\" data-widget_type=\"image-box.default\">\n\t\t\t\t<div class=\"elementor-widget-container\">\n\t\t\t\t\t<div class=\"elementor-image-box-wrapper\"><div class=\"elementor-image-box-content\"><h4 class=\"elementor-image-box-title\"># Pour simplifier la complexit\u00e9<\/h4><\/div><\/div>\t\t\t\t<\/div>\n\t\t\t\t<\/div>\n\t\t\t\t<\/div>\n\t\t\t\t\t<\/div>\n\t\t\t\t<\/div>\n\t\t<div class=\"elementor-element elementor-element-547cb166 e-con-full e-flex e-con e-parent\" data-id=\"547cb166\" data-element_type=\"container\" data-e-type=\"container\" data-settings=\"{&quot;background_background&quot;:&quot;classic&quot;}\">\n\t\t<div class=\"elementor-element elementor-element-4bff461a e-con-full e-flex e-con e-child\" data-id=\"4bff461a\" data-element_type=\"container\" data-e-type=\"container\" data-settings=\"{&quot;background_background&quot;:&quot;classic&quot;}\">\n\t\t\t\t<div class=\"elementor-element elementor-element-56ecb1da elementor-widget elementor-widget-heading\" data-id=\"56ecb1da\" data-element_type=\"widget\" data-e-type=\"widget\" data-widget_type=\"heading.default\">\n\t\t\t\t<div class=\"elementor-widget-container\">\n\t\t\t\t\t<h1 class=\"elementor-heading-title elementor-size-default\">Vous souhaitez exploiter la puissance de notre m\u00e9thodologie pour (re)designer vos business ?<\/h1>\t\t\t\t<\/div>\n\t\t\t\t<\/div>\n\t\t\t\t<div class=\"elementor-element elementor-element-72f7f497 elementor-widget elementor-widget-heading\" data-id=\"72f7f497\" data-element_type=\"widget\" data-e-type=\"widget\" data-widget_type=\"heading.default\">\n\t\t\t\t<div class=\"elementor-widget-container\">\n\t\t\t\t\t<p class=\"elementor-heading-title elementor-size-default\">Engagez-vous dans cette transformation avec nous d\u00e8s maintenant !\n<\/p>\t\t\t\t<\/div>\n\t\t\t\t<\/div>\n\t\t\t\t<\/div>\n\t\t<div class=\"elementor-element elementor-element-ed31ee1 e-con-full e-flex e-con e-child\" data-id=\"ed31ee1\" data-element_type=\"container\" data-e-type=\"container\" data-settings=\"{&quot;background_background&quot;:&quot;classic&quot;}\">\n\t\t\t\t<div class=\"elementor-element elementor-element-4ae62595 elementor-button-align-end elementor-tablet-button-align-center elementor-widget elementor-widget-form\" data-id=\"4ae62595\" data-element_type=\"widget\" data-e-type=\"widget\" data-settings=\"{&quot;step_next_label&quot;:&quot;Next&quot;,&quot;step_previous_label&quot;:&quot;Previous&quot;,&quot;button_width&quot;:&quot;100&quot;,&quot;step_type&quot;:&quot;number_text&quot;,&quot;step_icon_shape&quot;:&quot;circle&quot;}\" data-widget_type=\"form.default\">\n\t\t\t\t<div class=\"elementor-widget-container\">\n\t\t\t\t\t\t\t<form class=\"elementor-form\" method=\"post\" name=\"Contact Form\" aria-label=\"Contact Form\">\n\t\t\t<input type=\"hidden\" name=\"post_id\" value=\"502\"\/>\n\t\t\t<input type=\"hidden\" name=\"form_id\" value=\"4ae62595\"\/>\n\t\t\t<input type=\"hidden\" name=\"referer_title\" value=\"Approche\" \/>\n\n\t\t\t\t\t\t\t<input type=\"hidden\" name=\"queried_id\" value=\"502\"\/>\n\t\t\t\n\t\t\t<div class=\"elementor-form-fields-wrapper elementor-labels-\">\n\t\t\t\t\t\t\t\t<div class=\"elementor-field-type-text elementor-field-group elementor-column elementor-field-group-name elementor-col-50\">\n\t\t\t\t\t\t\t\t\t\t\t\t<label for=\"form-field-name\" class=\"elementor-field-label elementor-screen-only\">\n\t\t\t\t\t\t\t\tPr\u00e9nom\t\t\t\t\t\t\t<\/label>\n\t\t\t\t\t\t\t\t\t\t\t\t\t\t<input size=\"1\" type=\"text\" name=\"form_fields[name]\" id=\"form-field-name\" class=\"elementor-field elementor-size-sm  elementor-field-textual\" placeholder=\"Pr\u00e9nom\">\n\t\t\t\t\t\t\t\t\t\t\t<\/div>\n\t\t\t\t\t\t\t\t<div class=\"elementor-field-type-text elementor-field-group elementor-column elementor-field-group-field_b743cd7 elementor-col-50 elementor-field-required\">\n\t\t\t\t\t\t\t\t\t\t\t\t<label for=\"form-field-field_b743cd7\" class=\"elementor-field-label elementor-screen-only\">\n\t\t\t\t\t\t\t\tNom\t\t\t\t\t\t\t<\/label>\n\t\t\t\t\t\t\t\t\t\t\t\t\t\t<input size=\"1\" type=\"text\" name=\"form_fields[field_b743cd7]\" id=\"form-field-field_b743cd7\" class=\"elementor-field elementor-size-sm  elementor-field-textual\" placeholder=\"Nom*\" required=\"required\">\n\t\t\t\t\t\t\t\t\t\t\t<\/div>\n\t\t\t\t\t\t\t\t<div class=\"elementor-field-type-tel elementor-field-group elementor-column elementor-field-group-field_6c180a9 elementor-col-50 elementor-field-required\">\n\t\t\t\t\t\t\t\t\t\t\t\t<label for=\"form-field-field_6c180a9\" class=\"elementor-field-label elementor-screen-only\">\n\t\t\t\t\t\t\t\tT\u00e9l\u00e9phone\t\t\t\t\t\t\t<\/label>\n\t\t\t\t\t\t\t\t<input size=\"1\" type=\"tel\" name=\"form_fields[field_6c180a9]\" id=\"form-field-field_6c180a9\" class=\"elementor-field elementor-size-sm  elementor-field-textual\" placeholder=\"T\u00e9l\u00e9phone*\" required=\"required\" pattern=\"[0-9()#&amp;+*-=.]+\" title=\"Seuls les caract\u00e8res de num\u00e9ros de t\u00e9l\u00e9phone (#, -, *, etc.) sont accept\u00e9s.\">\n\n\t\t\t\t\t\t<\/div>\n\t\t\t\t\t\t\t\t<div class=\"elementor-field-type-email elementor-field-group elementor-column elementor-field-group-email elementor-col-50 elementor-field-required\">\n\t\t\t\t\t\t\t\t\t\t\t\t<label for=\"form-field-email\" class=\"elementor-field-label elementor-screen-only\">\n\t\t\t\t\t\t\t\tEmail\t\t\t\t\t\t\t<\/label>\n\t\t\t\t\t\t\t\t\t\t\t\t\t\t<input size=\"1\" type=\"email\" name=\"form_fields[email]\" id=\"form-field-email\" class=\"elementor-field elementor-size-sm  elementor-field-textual\" placeholder=\"Email*\" required=\"required\">\n\t\t\t\t\t\t\t\t\t\t\t<\/div>\n\t\t\t\t\t\t\t\t<div class=\"elementor-field-type-textarea elementor-field-group elementor-column elementor-field-group-message elementor-col-100\">\n\t\t\t\t\t\t\t\t\t\t\t\t<label for=\"form-field-message\" class=\"elementor-field-label elementor-screen-only\">\n\t\t\t\t\t\t\t\tMessage\t\t\t\t\t\t\t<\/label>\n\t\t\t\t\t\t<textarea class=\"elementor-field-textual elementor-field  elementor-size-sm\" name=\"form_fields[message]\" id=\"form-field-message\" rows=\"4\" placeholder=\"Message\"><\/textarea>\t\t\t\t<\/div>\n\t\t\t\t\t\t\t\t<div class=\"elementor-field-group elementor-column elementor-field-type-submit elementor-col-100 e-form__buttons\">\n\t\t\t\t\t<button class=\"elementor-button elementor-size-sm\" type=\"submit\">\n\t\t\t\t\t\t<span class=\"elementor-button-content-wrapper\">\n\t\t\t\t\t\t\t\t\t\t\t\t\t\t\t<span class=\"elementor-button-icon\">\n\t\t\t\t\t\t\t\t\t<svg aria-hidden=\"true\" class=\"e-font-icon-svg e-far-arrow-alt-circle-right\" viewBox=\"0 0 512 512\" xmlns=\"http:\/\/www.w3.org\/2000\/svg\"><path d=\"M504 256C504 119 393 8 256 8S8 119 8 256s111 248 248 248 248-111 248-248zm-448 0c0-110.5 89.5-200 200-200s200 89.5 200 200-89.5 200-200 200S56 366.5 56 256zm72 20v-40c0-6.6 5.4-12 12-12h116v-67c0-10.7 12.9-16 20.5-8.5l99 99c4.7 4.7 4.7 12.3 0 17l-99 99c-7.6 7.6-20.5 2.2-20.5-8.5v-67H140c-6.6 0-12-5.4-12-12z\"><\/path><\/svg>\t\t\t\t\t\t\t\t\t\t\t\t\t\t\t\t\t<\/span>\n\t\t\t\t\t\t\t\t\t\t\t\t\t\t\t\t\t\t\t\t\t\t<span class=\"elementor-button-text\">Envoyer<\/span>\n\t\t\t\t\t\t\t\t\t\t\t\t\t<\/span>\n\t\t\t\t\t<\/button>\n\t\t\t\t<\/div>\n\t\t\t<\/div>\n\t\t<\/form>\n\t\t\t\t\t\t<\/div>\n\t\t\t\t<\/div>\n\t\t\t\t<\/div>\n\t\t\t\t<\/div>\n\t\t\t\t<\/div>\n\t\t","protected":false},"excerpt":{"rendered":"<p>Une approche unique mixant strat\u00e9gie, design thinking et IA au service de votre impact Une approche diff\u00e9rente de la strat\u00e9gie et de l&rsquo;innovation Notre approche en mati\u00e8re de strat\u00e9gie et d&rsquo;innovation est le moteur de votre transformation. Puisant ses racines dans le Design Thinking et le Lean Startup notre m\u00e9thodologie fonctionne par sprints, garantissant une [&hellip;]<\/p>\n","protected":false},"author":1,"featured_media":0,"parent":0,"menu_order":0,"comment_status":"closed","ping_status":"closed","template":"","meta":{"footnotes":""},"class_list":["post-502","page","type-page","status-publish","hentry"],"_links":{"self":[{"href":"https:\/\/intentio.fr\/index.php\/wp-json\/wp\/v2\/pages\/502","targetHints":{"allow":["GET"]}}],"collection":[{"href":"https:\/\/intentio.fr\/index.php\/wp-json\/wp\/v2\/pages"}],"about":[{"href":"https:\/\/intentio.fr\/index.php\/wp-json\/wp\/v2\/types\/page"}],"author":[{"embeddable":true,"href":"https:\/\/intentio.fr\/index.php\/wp-json\/wp\/v2\/users\/1"}],"replies":[{"embeddable":true,"href":"https:\/\/intentio.fr\/index.php\/wp-json\/wp\/v2\/comments?post=502"}],"version-history":[{"count":5,"href":"https:\/\/intentio.fr\/index.php\/wp-json\/wp\/v2\/pages\/502\/revisions"}],"predecessor-version":[{"id":509,"href":"https:\/\/intentio.fr\/index.php\/wp-json\/wp\/v2\/pages\/502\/revisions\/509"}],"wp:attachment":[{"href":"https:\/\/intentio.fr\/index.php\/wp-json\/wp\/v2\/media?parent=502"}],"curies":[{"name":"wp","href":"https:\/\/api.w.org\/{rel}","templated":true}]}}